{"id":1582,"date":"2017-04-22T09:11:03","date_gmt":"2017-04-22T07:11:03","guid":{"rendered":"http:\/\/www.gerojenner.com\/wp\/?page_id=1582"},"modified":"2023-11-15T18:41:23","modified_gmt":"2023-11-15T17:41:23","slug":"wuerdigung","status":"publish","type":"page","link":"https:\/\/www.gerojenner.com\/wp\/wuerdigung\/","title":{"rendered":"W\u00fcrdigung"},"content":{"rendered":"<p>Tief verbunden f\u00fcr seinen selbstlosen Einsatz f\u00fchle ich mich Herrn Prof. Gerhard Scherhorn, der aufgrund der Lekt\u00fcre eines meiner Aufs\u00e4tze von sich aus auf mich zutrat. Herr Scherhorn hat das Vorwort zum Pyramidenspiel geschrieben und sich f\u00fcr die Ver\u00f6ffentlichung von &#8222;Wohlstand und Armut&#8220; im Metropolis-Verlag eingesetzt. Ich bin auf Herrn Scherhorn aufmerksam geworden, weil <a href=\"https:\/\/de.wikipedia.org\/wiki\/Hoimar_von_Ditfurth\">Hoimar von Ditfurth<\/a> ihn in seinem Buch &#8222;So lasst uns denn ein Apfelb\u00e4umchen pflanzen&#8220; als kritischen \u00d6konomen r\u00fchmt, der sich gegen den \u00f6kologischen Raubbau ausspricht.<\/p>\n<p>Herrn Prof. R\u00fcrup verdanke ich, dass &#8222;Die arbeitslose Gesellschaft&#8220; mein gr\u00f6\u00dfter publizistischer Erfolg werden konnte. Er betreute die Wirtschaftsreihe beim S. Fischer-Verlag und hat wirksame Propaganda f\u00fcr das Buch betrieben. Meine anderen Wirtschaftsb\u00fccher scheinen mir nicht besser oder schlechter zu sein, aber Qualit\u00e4t ist bei B\u00fcchern, die aufgrund ihrer Thematik nicht gerade zu Bestsellern werden k\u00f6nnen, wohl weniger entscheidend als die Unterst\u00fctzung durch einen einflussreichen F\u00fcrsprecher. Leider hatte ich danach wenig Grund, mich \u00fcber die Patronage zu freuen, denn auf einer der Erstseiten meines zweiten bei Fischer erschienenen Buches &#8222;Das Ende des Kapitalismus &#8211; Triumph oder Kollaps eines Wirtschaftssystems&#8220; deklarierte sich Herr R\u00fcrup zu meinem &#8222;fachlichen Berater&#8220;. Wir sind uns jedoch nur zweimal in Waltersdorf, Steiermark, jeweils etwa eine Stunde begegnet, und standen in keiner schriftlichen Korrespondenz. Worin die Beratung bestanden hat, wei\u00df ich bis heute nicht.<\/p>\n<p>Auch \u00fcber das Lob, das mir Herr R\u00fcrup auf der r\u00fcckw\u00e4rtigen Umschlagseite der &#8222;Arbeitslosen Gesellschaft&#8220; spendete, kann ich mich nicht wirklich freuen. Es hei\u00dft dort w\u00f6rtlich &#8222;Das Intelligenteste zum Komplex der Globalisierung seit <a href=\"https:\/\/de.wikipedia.org\/wiki\/Robert_B._Reich\">Robert Reich<\/a>s &gt;Das Ende der Weltwirtschaft&lt;&#8222;. Robert Reich hat ein solches Werk allerdings nie geschrieben (Ein Buch mit diesem Titel von Nouriel Roubini entstand erst zehn Jahre sp\u00e4ter), von ihm stammt vielmehr \u00a0&#8222;Die neue Weltwirtschaft. Das Ende der nationalen \u00d6konomie&#8220;. Ob R\u00fcrup &#8222;Das Ende der Arbeit&#8220; von Jeremy Rifkin meinte? Vielleicht hat sich Herr R\u00fcrup \u00fcber diese Fehler selbst ge\u00e4rgert, denn beide B\u00fccher wurden danach bei S. Fischer nicht mehr gedruckt, obwohl &#8222;Die arbeitslose Gesellschaft&#8220; in vier Auflagen erschienen war (es ist hier aber als <a href=\"http:\/\/www.gerojenner.com\/wp\/wp-content\/uploads\/2016\/11\/Die-Arbeitslose-Gesellschaft.pdf\">pdf-Datei<\/a> abrufbar). Patronage von Seiten eines einflussreichen Politiker-\u00d6konomen ist demnach ein zweischneidiges Schwert.<\/p>\n<p>Von den folgenden Ablichtungen h\u00e4tte ich abgesehen, w\u00fcrde ich nicht mit Wikipedia in Schwierigkeiten geraten sein, weil man dort ohne handfesten Beweis offenbar von der Unehrlichkeit eines Autors ausgeht.<\/p>\n<p>Das Pyramidenspiel &#8211; Finanzkapital manipuliert die Wirtschaft<\/p>\n<p><img loading=\"lazy\" decoding=\"async\" class=\"details-image\" draggable=\"false\" src=\"http:\/\/www.gerojenner.com\/wp\/wp-content\/uploads\/2017\/04\/Gleitwort-648x1024.jpeg\" alt=\"\" width=\"235\" height=\"371\" \/>g<\/p>\n<p>Das Ende des Kapitalismus &#8211; Triumph oder Kollaps eines Wirtschaftssystems?<\/p>\n<p><img loading=\"lazy\" decoding=\"async\" class=\"details-image\" draggable=\"false\" src=\"http:\/\/www.gerojenner.com\/wp\/wp-content\/uploads\/2017\/04\/Fachliche-Beratung-667x1024.jpeg\" alt=\"\" width=\"272\" height=\"418\" \/><\/p>\n<p>Die arbeitslose Gesellschaft &#8211; Gef\u00e4hrdet die Globalisierung den Wohlstand?<\/p>\n<p><img loading=\"lazy\" decoding=\"async\" class=\"details-image\" draggable=\"false\" src=\"http:\/\/www.gerojenner.com\/wp\/wp-content\/uploads\/2017\/04\/AGRueckblatt-639x1024.jpeg\" alt=\"\" width=\"275\" height=\"441\" \/><\/p>\n","protected":false},"excerpt":{"rendered":"<p>Tief verbunden f\u00fcr seinen selbstlosen Einsatz f\u00fchle ich mich Herrn Prof. Gerhard Scherhorn, der aufgrund der Lekt\u00fcre eines meiner Aufs\u00e4tze von sich aus auf mich zutrat. Herr Scherhorn hat das Vorwort zum Pyramidenspiel geschrieben und sich f\u00fcr die Ver\u00f6ffentlichung von &#8222;Wohlstand und Armut&#8220; im Metropolis-Verlag eingesetzt. Ich bin auf Herrn Scherhorn aufmerksam geworden, weil Hoimar &hellip; <a href=\"https:\/\/www.gerojenner.com\/wp\/wuerdigung\/\" class=\"more-link\"><span class=\"screen-reader-text\">W\u00fcrdigung<\/span> weiterlesen<\/a><\/p>\n","protected":false},"author":1,"featured_media":0,"parent":0,"menu_order":0,"comment_status":"closed","ping_status":"closed","template":"","meta":{"_exactmetrics_skip_tracking":false,"_exactmetrics_sitenote_active":false,"_exactmetrics_sitenote_note":"","_exactmetrics_sitenote_category":0,"footnotes":""},"class_list":["post-1582","page","type-page","status-publish","hentry"],"_links":{"self":[{"href":"https:\/\/www.gerojenner.com\/wp\/wp-json\/wp\/v2\/pages\/1582","targetHints":{"allow":["GET"]}}],"collection":[{"href":"https:\/\/www.gerojenner.com\/wp\/wp-json\/wp\/v2\/pages"}],"about":[{"href":"https:\/\/www.gerojenner.com\/wp\/wp-json\/wp\/v2\/types\/page"}],"author":[{"embeddable":true,"href":"https:\/\/www.gerojenner.com\/wp\/wp-json\/wp\/v2\/users\/1"}],"replies":[{"embeddable":true,"href":"https:\/\/www.gerojenner.com\/wp\/wp-json\/wp\/v2\/comments?post=1582"}],"version-history":[{"count":0,"href":"https:\/\/www.gerojenner.com\/wp\/wp-json\/wp\/v2\/pages\/1582\/revisions"}],"wp:attachment":[{"href":"https:\/\/www.gerojenner.com\/wp\/wp-json\/wp\/v2\/media?parent=1582"}],"curies":[{"name":"wp","href":"https:\/\/api.w.org\/{rel}","templated":true}]}}